{"id":146,"date":"2022-07-22T13:35:59","date_gmt":"2022-07-22T11:35:59","guid":{"rendered":"http:\/\/robertbock.de\/3le\/?page_id=146"},"modified":"2023-03-10T11:09:59","modified_gmt":"2023-03-10T10:09:59","slug":"baden-und-schwimmen","status":"publish","type":"page","link":"http:\/\/robertbock.de\/3le\/baden-und-schwimmen\/","title":{"rendered":"Baden und Schwimmen"},"content":{"rendered":"\n<p>Der Region fehlen definitiv die Seen. Daf\u00fcr gibt es aber viele Freib\u00e4der sowie Thermalb\u00e4der und normale Hallenb\u00e4der. Und wem das nicht spektakul\u00e4r genug ist, der kann in Basel im Rhein schwimmen gehen.<\/p>\n\n\n\n<p><strong>Erlebnisb\u00e4der in der Region<\/strong><\/p>\n\n\n\n<figure class=\"wp-block-table\"><table><tbody><tr><td><strong>Weil am Rhein<\/strong>, Erlebnisbad Laguna<br>Am Wasserwerk 2<br>Tel.: 07621-956740<br><a rel=\"noreferrer noopener\" href=\"http:\/\/www.laguna-badeland.de\/\" data-type=\"URL\" data-id=\"http:\/\/www.laguna-badeland.de\/\" target=\"_blank\">Website<\/a><\/td><td><strong>BUS 55<\/strong> bis &#8222;Weil am Rhein, Gr\u00fcn 99\/Laguna&#8220;, dann 10 bis 15 min Fu\u00dfweg<br><br><strong>S-Bahn S5<\/strong> bis &#8222;Weil am Rhein, Gartenstadt&#8220;, dann ca. 5 min Fu\u00dfweg (nicht barrierefrei!)<\/td><td>&#8211; f\u00fcnf 25-m-Bahnen<br>&#8211; Wellenbecken<br>&#8211; kleines &#8222;Erlebnisbecken&#8220; mit Breitrutsche<br>&#8211; Planschbecken<br>&#8211; Black-Hole-R\u00f6hrenrutsche<br>&#8211; Wildwasserkanal (z.Zt. au\u00dfer Betrieb)<br>&#8211; Au\u00dfenbecken (z.Zt. au\u00dfer Betrieb)<br>&#8211; Bistro<br><strong>Fazit: generalsaniert, aber relativ klein und abseits von Sonderaktionen \u00fcberteuert<\/strong><\/td><\/tr><tr><td><strong>Pratteln (CH)<\/strong>, Aquabasilea<\/td><td><strong>S-Bahn S1 oder S3<\/strong> bis &#8222;Pratteln&#8220;, dann ca. 10 min Fu\u00dfweg<br><br><strong>BUS 80, 82, 83, 84 oder 85 <\/strong>bis &#8222;Pratteln, Bahnhof Nord&#8220; bzw. &#8222;Pratteln, Bahnhof S\u00fcd&#8220;, dann ca. 10 min Fu\u00dfweg<\/td><td>&#8211; 6 Rutschen<br>&#8211; Verzasca-Wildwasserkanal,<br>&#8211; diverse Becken<br>&#8211; Sauna &amp; Wellness<br><br><strong>Fazit: Sch\u00f6nes Erlebnisbad, wenn auch im Rutschenbereich etwas &#8222;verbaut&#8220;. Tolle Rutschen, Sch\u00f6ner Wildwasserkanal<\/strong>, <strong>Preis-Leistungs-Verh\u00e4ltnis besser als in Weil am Rhein<\/strong><\/td><\/tr><tr><td><strong>Titisee<\/strong>, Badeparadies Schwarzwald<\/td><td><strong>S-Bahn S1\/S10\/S11<\/strong> bis &#8222;Titisee&#8220; oder <strong>BUS 7255 bzw. 7300<\/strong> bis &#8222;Titisee, Bahnhof&#8220;, dann jeweils ca. 10 min  Fu\u00dfweg<br><br><strong>BUS 7257<\/strong> bis &#8222;Titisee, Badeparadies&#8220;<\/td><td>&#8211; Wellenbad im 25-m-Becken mit unterschiedlichen Wassertiefen<br>&#8211; Planschbecken<br>&#8211; 23 Rutschen<br>&#8211; Palmenoase (f\u00fcr Kids&amp;Teens gesperrt!)<br>&#8211; Saunabereich<br><strong>Fazit: Palmenoase toll und erholsam, Galaxy-Erlebnisbad total verbaut und optisch eine Katastrophe, zudem meist \u00fcberf\u00fcllt<\/strong> <strong>mit wenig Wasserfl\u00e4che<\/strong> <strong>und in den Ferien erst nachmittags offen.<\/strong><\/td><\/tr><\/tbody><\/table><\/figure>\n\n\n\n<p><strong>Hallenb\u00e4der im Landkreis L\u00f6rrach<\/strong><\/p>\n\n\n\n<figure class=\"wp-block-table\"><table><tbody><tr><td><strong>L\u00f6rrach<\/strong>, Hallenbad<br>Schillerstra\u00dfe 27<br>Tel.: 07621-422986<br><a rel=\"noreferrer noopener\" href=\"https:\/\/www.loerrach.de\/de\/Hallenbad\" target=\"_blank\">https:\/\/www.loerrach.de\/de\/Hallenbad<\/a><\/td><td><strong>S-Bahn: S5\/S6<\/strong> bis &#8222;L\u00f6rrach-Museum\/Burghof&#8220;, dann ca. 5 min Fu\u00dfweg<br><br><strong>BUS 7<\/strong> bis &#8222;L\u00f6rrach, Niederfeldplatz&#8220;, dann ca. 4 min Fu\u00dfweg<\/td><td>&#8211; 25-m-Schwimmbecken<br>&#8211; Nichtschwimmerbecken<br>&#8211; separat abgetrenntes Planschbecken<br>&#8211; Sauna (separat)<br>&#8211; auf modernem Stand<br><strong>Fazit: gut gepflegtes Standard-Hallenbad<\/strong><\/td><\/tr><tr><td><strong>Maulburg<\/strong>, Hallenbad<br>Alemannenstra\u00dfe 7<br>Tel.: 07622-667173<br><a rel=\"noreferrer noopener\" href=\"https:\/\/www.maulburg.de\/de\/Lebenswertes-Maulburg\/Freizeit-Vereine-\/Hallenbad\" target=\"_blank\">Website<\/a><\/td><td><strong>S-Bahn S6 (teilw. S5) <\/strong>bis &#8222;Maulburg&#8220;,  <strong>BUS 7302<\/strong> bis &#8222;Maulburg, Rathaus&#8220;, dann jeweils ca. 8 min Fu\u00dfweg<\/td><td>&#8211; 25-m-Schwimmbecken<br>&#8211; Nichtschwimmerbecken<br>&#8211; auf modernem Stand<br><strong>Fazit: gut gepflegtes Standard-Hallenbad<\/strong><\/td><\/tr><tr><td><strong>Rheinfelden<\/strong>, Hallenbad<br>Kaminfegerstra\u00dfe 23<br>Tel.: 07623-62771<br><a rel=\"noreferrer noopener\" href=\"https:\/\/www.rheinfelden.de\/de\/vielseitig\/Freizeit-und-Sportangebote\/Freizeit-und-Sport?view=publish&amp;item=leisureFacility&amp;id=76\" target=\"_blank\">Website<\/a><\/td><td><strong>BUS 7312<\/strong> bis &#8222;Rheinfelden, B\u00fcrgerheim&#8220;<\/td><td>&#8211; drei 20-m-Bahnen mit verschiedenen Wassertiefen<br><strong>Fazit: recht &#8222;rustikal&#8220;<\/strong> <strong>und nur bedingt atttraktiv<\/strong><\/td><\/tr><tr><td><strong>Grenzach<\/strong>, Hallenbad<br>Scheffelstra\u00dfe 3<br>Tel.: 07624-988144<br><a rel=\"noreferrer noopener\" href=\"https:\/\/www.grenzach-wyhlen.de\/de\/Freizeit-Tourismus\/Baeder-Sauna#\/article\/fd1fe32f-4357-41b6-bc79-985117a2a891\" data-type=\"URL\" data-id=\"https:\/\/www.grenzach-wyhlen.de\/de\/Freizeit-Tourismus\/Baeder-Sauna#\/article\/fd1fe32f-4357-41b6-bc79-985117a2a891\" target=\"_blank\">Website<\/a><\/td><td><strong>Zug RB35<\/strong> bis &#8222;Grenzach&#8220;, dann 2 min Fu\u00dfweg<br><br><strong>BUS 38 <\/strong>oder <strong>7301<\/strong> bis &#8222;Grenzach, Seidenweg&#8220;, dann ca. 5 min Fu\u00dfweg<\/td><td>&#8211; f\u00fcnf 25-m-Bahnen<br>&#8211; Nichtschwimmerbecken<br>&#8211; teilsaniert und in gutem Zustand<br><strong>Fazit: relativ gepflegtes Standard-Hallenbad<\/strong><\/td><\/tr><\/tbody><\/table><\/figure>\n\n\n\n<h2 class=\"wp-block-heading\">Freib\u00e4der im Landkreis L\u00f6rrach<\/h2>\n\n\n\n<figure class=\"wp-block-table is-style-regular\"><table><tbody><tr><td><strong>Kandern<\/strong><\/td><td>Schwimmbad<\/td><td>&#8211; 50-m-Schwimmbecken<br>&#8211; Nichtschwimmerbecken<br>&#8211; R\u00f6hrenrutsche<\/td><\/tr><tr><td><strong>L\u00f6rrach<\/strong><\/td><td>Parkschwimmbad<\/td><td>&#8211; 50-m-Schwimmbecken<br>&#8211; Sprunganlage<br>&#8211; Nichtschwimmerbecken mit <br>Str\u00f6mungskanal<br>&#8211; Breitrutsche<\/td><\/tr><tr><td><strong>Rheinfelden (Baden)<\/strong><\/td><td>Schwimmbad<\/td><td>&#8211; 50-m-Schwimmbecken<br>&#8211; Lehrschwimmbecken<br>&#8211; Nichtschwimmerbecken mit Rutschen<br>&#8211; Sprunganlage<\/td><\/tr><tr><td><strong>Sch\u00f6nau (Schwarzwald)<\/strong><br><a rel=\"noreferrer noopener\" href=\"https:\/\/freibad.schoenau-im-schwarzwald.de\/de\/\" target=\"_blank\">https:\/\/freibad.schoenau-im-schwarzwald.de\/de\/<\/a><\/td><td>Freibad<\/td><td>&#8211; 25-m-Schwimmbecken<br>&#8211; Nichtschwimmerbecken<br>&#8211; Breitrutsche<br>&#8211; 3-m-Sprungturm<br>&#8211; 1-m-Sprungbrett<\/td><\/tr><tr><td><strong>Schopfheim<\/strong><\/td><td>Freibad<\/td><td>&#8211; 50-m-Schwimmbecken<br>&#8211; Nichtschwimmerbecken<br>&#8211; kleines Innenbecken in W\u00e4rmhalle<br>&#8211; 3-m-Sprungturm<br>&#8211; 1-m-Sprungbrett<\/td><\/tr><tr><td><strong>Steinen<\/strong><\/td><td>Schwimmbad<\/td><td>&#8211; 50-m-Schwimmbecken<br>&#8211; gro\u00dfes Nichtschwimmerbecken<br>&#8211; 3-m-Sprungturm<br>&#8211; 1-m-Sprungbrett<\/td><\/tr><tr><td><strong>Todtnau<\/strong><br>http:\/\/stadt.todtnau.de\/oeffentliche-einrichtungen.html<br><\/td><td>Freibad<\/td><td>&#8211; 25-m-Schwimmbecken<br>&#8211; Nichtschwimmerbereich<br>&#8211; Breitrutsche<\/td><\/tr><tr><td><strong>Todtnauberg<\/strong><br><a rel=\"noreferrer noopener\" href=\"http:\/\/www.schwimmbad-todtnauberg.de\/\" target=\"_blank\">http:\/\/www.schwimmbad-todtnauberg.de\/<\/a><\/td><td>BergerBAD<\/td><td>&#8211; Schwimmbecken mit Nichtschwimmerbereich<\/td><\/tr><tr><td><strong>Weil am Rhein<\/strong><br><a rel=\"noreferrer noopener\" href=\"http:\/\/www.laguna-badeland.de\/\" target=\"_blank\">http:\/\/www.laguna-badeland.de\/<\/a><\/td><td>Laguna-Freibad<\/td><td>&#8211; 25-m-Schwimmbecken<br>&#8211; Nichtschwimmerbecken<br>&#8211; Sprunganlage<\/td><\/tr><\/tbody><\/table><\/figure>\n\n\n\n<p><\/p>\n","protected":false},"excerpt":{"rendered":"<p>Der Region fehlen definitiv die Seen. Daf\u00fcr gibt es aber viele Freib\u00e4der sowie Thermalb\u00e4der und normale Hallenb\u00e4der. Und wem das&#8230;<\/p>\n","protected":false},"author":1,"featured_media":0,"parent":0,"menu_order":0,"comment_status":"closed","ping_status":"closed","template":"","meta":{"footnotes":""},"class_list":["post-146","page","type-page","status-publish","hentry","post-archive"],"_links":{"self":[{"href":"http:\/\/robertbock.de\/3le\/wp-json\/wp\/v2\/pages\/146","targetHints":{"allow":["GET"]}}],"collection":[{"href":"http:\/\/robertbock.de\/3le\/wp-json\/wp\/v2\/pages"}],"about":[{"href":"http:\/\/robertbock.de\/3le\/wp-json\/wp\/v2\/types\/page"}],"author":[{"embeddable":true,"href":"http:\/\/robertbock.de\/3le\/wp-json\/wp\/v2\/users\/1"}],"replies":[{"embeddable":true,"href":"http:\/\/robertbock.de\/3le\/wp-json\/wp\/v2\/comments?post=146"}],"version-history":[{"count":29,"href":"http:\/\/robertbock.de\/3le\/wp-json\/wp\/v2\/pages\/146\/revisions"}],"predecessor-version":[{"id":360,"href":"http:\/\/robertbock.de\/3le\/wp-json\/wp\/v2\/pages\/146\/revisions\/360"}],"wp:attachment":[{"href":"http:\/\/robertbock.de\/3le\/wp-json\/wp\/v2\/media?parent=146"}],"curies":[{"name":"wp","href":"https:\/\/api.w.org\/{rel}","templated":true}]}}