{"id":268,"date":"2022-08-01T19:43:59","date_gmt":"2022-08-01T17:43:59","guid":{"rendered":"http:\/\/robertbock.de\/3le\/?page_id=268"},"modified":"2022-08-09T20:52:56","modified_gmt":"2022-08-09T18:52:56","slug":"restaurant-tipps-des-autors","status":"publish","type":"page","link":"http:\/\/robertbock.de\/3le\/essen-und-trinken\/restaurant-tipps-des-autors\/","title":{"rendered":"Restaurant-Tipps des Autors"},"content":{"rendered":"\n<p>Pers\u00f6nlich sehr zufrieden und gern auch zum wiederholten Male zu Gast ist der Autor mit seiner Familie an folgenden Orten:<\/p>\n\n\n\n<p><strong>L\u00f6rrach<\/strong><\/p>\n\n\n\n<ul class=\"wp-block-list\"><li>Biergarten bei der Burg R\u00f6tteln oberhalb von L\u00f6rrach-<strong>Haagen<\/strong> (nur bis Ende Sommer 2022) &#8211; BUS 16 bis &#8222;Haagen, R\u00f6ttelnweiler&#8220; oder Ortsbus 10 bis &#8222;R\u00f6ttelnweiler, Schlossgass&#8220;<\/li><li>&#8222;Grill Drill&#8220; L\u00f6rrach-<strong>Haagen<\/strong> (griechisches Restaurant mit Holzkohlegrill; gut auch der Spielplatz) &#8211; BUS 16 bis &#8222;Haagen, Sportplatz&#8220;<\/li><li>&#8222;Rhodos&#8220; L\u00f6rrach-<strong>Haagen<\/strong> (sehr gutes griechisches Restaurant, leider nur wenige Pl\u00e4tze drau\u00dfen) &#8211; BUS 16 oder Ortsbus 10 bis &#8222;Haagen, Zentrum&#8220;<\/li><li>Ristorante &#8222;Eintracht&#8220; in <strong>L\u00f6rrach <\/strong>(einer der besten Italiener weit und breit und schon ewig vor Ort, preislich etwas gehobener) &#8211; BUS 3, 6, 7, 8, 9, 16, 17, 7301 bis &#8222;L\u00f6rrach, Weinbrennerstra\u00dfe&#8220; bzw. &#8222;L\u00f6rrach, Alter Markt&#8220;<\/li><li>f\u00fcr den schnellen Imbiss: Metzgerei Kalbacher in <strong>L\u00f6rrach <\/strong>in der Fu\u00dfg\u00e4ngerzone, gegen\u00fcber KARSTADT\/M\u00dcLLER &#8211; BUS 3, 6, 7, 8, 9, 16, 17, 7301 bis &#8222;L\u00f6rrach, Weinbrennerstra\u00dfe&#8220; bzw. &#8222;L\u00f6rrach, Alter Markt&#8220;, &#8222;L\u00f6rrach, Senser Platz&#8220; oder &#8222;L\u00f6rrach, Hebelpark&#8220;<\/li><\/ul>\n\n\n\n<p><strong>Weil am Rhein<\/strong><\/p>\n\n\n\n<ul class=\"wp-block-list\"><li>&#8222;Gasthaus zum Ochsen&#8220; Weil am Rhein-<strong>\u00d6tlingen<\/strong> (s\u00fcdbadische K\u00fcche mit fantastischer Aussicht aufs Dreil\u00e4ndereck &#8211; BUS 12 bis &#8222;\u00d6tlingen, Dorfstra\u00dfe&#8220;<\/li><li>TADIM Grillhaus <strong>Weil am Rhein<\/strong> (D\u00f6ner Kebab, Yufka und andere anatolische Spezialit\u00e4ten) &#8211; BUS 6, 12, 16, 55, 66 bis &#8222;Weil am Rhein, Marktstra\u00dfe&#8220; <\/li><li>&#8222;Piccolo Paradiso&#8220; Weil-<strong>Haltingen<\/strong> (Pizzeria und deutsche K\u00fcche, netter Biergarten) &#8211; BUS 66 bis &#8222;Weil am Rhein, Rebgartenweg&#8220; oder BUS 12 bis &#8222;Haltingen, West&#8220;<\/li><li>&#8222;Chl\u00e4bi&#8220; <strong>Weil am Rhein-Ost<\/strong> (gutb\u00fcrgerlich-alemannische K\u00fcche) &#8211; S5 bis &#8222;Weil am Rhein Ost&#8220; oder BUS 6\/16 bis &#8222;Weil am Rhein, Altes Rathaus&#8220;<\/li><li>f\u00fcr den schnellen Imbiss: &#8222;Beim Kr\u00fcmmel&#8220; in Weil am Rhein &#8211;<strong>Haltingen<\/strong>, direkt neben DEHNER &#8211; BUS 55 bis &#8222;Haltingen, Gewerbestra\u00dfe&#8220;<\/li><\/ul>\n\n\n\n<p><strong>Schopfheim\/Mittleres Wiesental\/Dinkelberg<\/strong><\/p>\n\n\n\n<ul class=\"wp-block-list\"><li>&#8222;Sonne&#8220; <strong>Schopfheim <\/strong>(gutb\u00fcrgerlich-alemannische K\u00fcche) &#8211; S5\/S6 bis &#8222;Schopfheim&#8220;, BUS 9001 bis &#8222;Schopfheim, Marktplatz\/Rathaus&#8220; oder BUS 7300, 7302, 7307, 7308, 7309, 7310, 9001 bis &#8222;Schopfheim, Busbahnhof&#8220;<\/li><li>Tannenhof in Steinen-<strong>H\u00f6llstein<\/strong> (Leckere Pizza zu fairem Preis beim echten Italiener) &#8211; BUS 7305, 7307 bis &#8222;H\u00f6llstein, Friedrichstra\u00dfe&#8220; oder S5\/S6 bis &#8222;Steinen&#8220;<\/li><li>&#8222;Zum Pflug&#8220; Steinen-<strong>Endenburg <\/strong>(gutb\u00fcrgerliche K\u00fcche von sehr guter Qualit\u00e4t) &#8211; BUS 7305 bis &#8222;Endenburg, Oberdorf&#8220;<\/li><li>&#8222;Dinkelberger Bierg\u00e4rdle&#8220; Rheinfelden-<strong>Adelhausen<\/strong> (einmalige Anlage) &#8211; BUS 7302, 7307, (7309) bis &#8222;Adelhausen, H\u00fcsinger Stra\u00dfe&#8220;<\/li><\/ul>\n\n\n\n<p><strong>Kandertal\/Markgr\u00e4flerland:<\/strong><\/p>\n\n\n\n<ul class=\"wp-block-list\"><li>&#8222;Sportgastst\u00e4tte&#8220; Wollbach (Pizzeria mit italienischer und deutscher K\u00fcche und genialer Pizza) &#8211; BUS 2, 54, 55 bis &#8222;Wollbach, Bahnhof&#8220; oder Kandertal-Museumsbahn bis &#8222;Wollbach&#8220; <\/li><\/ul>\n\n\n\n<p><strong>S\u00fcdschwarzwald<\/strong><\/p>\n\n\n\n<ul class=\"wp-block-list\"><li>&#8222;Berggasthof Gie\u00dfh\u00fcbel&#8220; bei <strong>Hofsgrund<\/strong>\/Schauinsland (gem\u00fctliche Almwirtschaft)<\/li><li>&#8222;Emmendinger H\u00fctte&#8220; im Ski- und Wandergebiet Grafenmatt (<strong>Feldberg<\/strong>) (gem\u00fctliche Bergh\u00fctte) &#8211; BUS 7300 bis &#8222;Feldberg, Hebelhof&#8220;<\/li><li>&#8222;Belchen-Haus&#8220; auf dem <strong>Belchen <\/strong>(Berggasthaus mit einfacher K\u00fcche und herrlicher Aussicht von der Terrasse) &#8211; BUS 7306 bis &#8222;Multen, Belchenbahn&#8220; und weiter mit der Seilbahn auf den Belchen<\/li><li>f\u00fcr den schnellen Imbiss III: Metzgerei Krone in <strong>Sch\u00f6nau <\/strong>(<strong><em>leckerste <\/em><\/strong>Fleischk\u00e4sweckle) &#8211; BUS 7300, 7306, 7310 bis &#8222;Sch\u00f6nau, Zentrum&#8220;<\/li><\/ul>\n\n\n\n<p>Muss auch sein: <strong><em>entt\u00e4uscht <\/em><\/strong>hat den Autor (<strong>Hinweis:<\/strong> diese Bewertungen sind pers\u00f6nliches Empfinden, es soll <strong><em>nicht <\/em><\/strong>hei\u00dfen, dass es grunds\u00e4tzlich schlechte Restaurants sind!):<\/p>\n\n\n\n<ul class=\"wp-block-list\"><li>PEJA in L\u00f6rrach (Freitagabend um 7 bestimmte Speisen nicht verf\u00fcgbar, das Falsche gebracht, im Gem\u00fcserisotto viel zu gr\u00f6\u00dfe Gem\u00fcsew\u00fcrfel, viel zu eng bestuhlt, zu laut)<\/li><li>AL CAMINO in L\u00f6rrach (Tiefk\u00fchl-Schnitzel zu knapp 19 Euro???)<\/li><li>PIZZA MANN in Haltingen (Pizza nicht durch und konnte geschmacklich nicht \u00fcberzeugen)<\/li><li>BURGER KING in L\u00f6rrach (unsauber, reagiert auf Beanstandungen aggressiv)<\/li><\/ul>\n","protected":false},"excerpt":{"rendered":"<p>Pers\u00f6nlich sehr zufrieden und gern auch zum wiederholten Male zu Gast ist der Autor mit seiner Familie an folgenden Orten:&#8230;<\/p>\n","protected":false},"author":1,"featured_media":0,"parent":37,"menu_order":2,"comment_status":"closed","ping_status":"closed","template":"","meta":{"footnotes":""},"class_list":["post-268","page","type-page","status-publish","hentry","post-archive"],"_links":{"self":[{"href":"http:\/\/robertbock.de\/3le\/wp-json\/wp\/v2\/pages\/268","targetHints":{"allow":["GET"]}}],"collection":[{"href":"http:\/\/robertbock.de\/3le\/wp-json\/wp\/v2\/pages"}],"about":[{"href":"http:\/\/robertbock.de\/3le\/wp-json\/wp\/v2\/types\/page"}],"author":[{"embeddable":true,"href":"http:\/\/robertbock.de\/3le\/wp-json\/wp\/v2\/users\/1"}],"replies":[{"embeddable":true,"href":"http:\/\/robertbock.de\/3le\/wp-json\/wp\/v2\/comments?post=268"}],"version-history":[{"count":22,"href":"http:\/\/robertbock.de\/3le\/wp-json\/wp\/v2\/pages\/268\/revisions"}],"predecessor-version":[{"id":317,"href":"http:\/\/robertbock.de\/3le\/wp-json\/wp\/v2\/pages\/268\/revisions\/317"}],"up":[{"embeddable":true,"href":"http:\/\/robertbock.de\/3le\/wp-json\/wp\/v2\/pages\/37"}],"wp:attachment":[{"href":"http:\/\/robertbock.de\/3le\/wp-json\/wp\/v2\/media?parent=268"}],"curies":[{"name":"wp","href":"https:\/\/api.w.org\/{rel}","templated":true}]}}