{"id":37,"date":"2022-07-14T12:33:22","date_gmt":"2022-07-14T10:33:22","guid":{"rendered":"http:\/\/robertbock.de\/3le\/?page_id=37"},"modified":"2022-08-01T19:34:40","modified_gmt":"2022-08-01T17:34:40","slug":"essen-und-trinken","status":"publish","type":"page","link":"http:\/\/robertbock.de\/3le\/essen-und-trinken\/","title":{"rendered":"Essen und Trinken"},"content":{"rendered":"\n<p>Essen und Trinken &#8211; im Landkreis L\u00f6rrach wie in ganz S\u00fcdbaden (fast) immer ein Genuss. Die besten Weine unseres Landes kommen von hier, zudem sind <strong>Badischer Spargel und Schwarzw\u00e4lder Schinken<\/strong> kulinarische Aush\u00e4ngeschilder der Region. Die regionale K\u00fcche reicht von luftig-leicht bis deftig-herzhaft, es ist f\u00fcr jeden etwas dabei. In und bei den gr\u00f6\u00dferen St\u00e4dten Weil am Rhein, L\u00f6rrach und Rheinfelden dominieren auf schweizer Kundschaft zugeschnittene Preise, von offenbar mehr an Gewinn als an Qualit\u00e4t interessierten Wirten gef\u00fchrte Betriebe (erfahrungsgem\u00e4\u00df unter Anwendung von viel vorgefertigtem Material) und &#8222;Edel&#8220;restaurants. Die klassische gutb\u00fcrgerlich-normale K\u00fcche findet sich weiter n\u00f6rdlich: in fast jedem Dorf gibt es mindestens ein gutes Gasthaus, wo man zu zivilen Preisen gastfreundlich kulinarisch verw\u00f6hnt wird.<\/p>\n\n\n<div class=\"wp-block-image\">\n<figure class=\"aligncenter size-large is-resized\"><img loading=\"lazy\" decoding=\"async\" src=\"http:\/\/robertbock.de\/3le\/wp-content\/uploads\/2022\/08\/Elsaesser-Wurstsalat-Feierling-961x1024.jpg\" alt=\"\" class=\"wp-image-263\" width=\"490\" height=\"521\" srcset=\"http:\/\/robertbock.de\/3le\/wp-content\/uploads\/2022\/08\/Elsaesser-Wurstsalat-Feierling-961x1024.jpg 961w, http:\/\/robertbock.de\/3le\/wp-content\/uploads\/2022\/08\/Elsaesser-Wurstsalat-Feierling-282x300.jpg 282w, http:\/\/robertbock.de\/3le\/wp-content\/uploads\/2022\/08\/Elsaesser-Wurstsalat-Feierling-768x818.jpg 768w, http:\/\/robertbock.de\/3le\/wp-content\/uploads\/2022\/08\/Elsaesser-Wurstsalat-Feierling-1442x1536.jpg 1442w, http:\/\/robertbock.de\/3le\/wp-content\/uploads\/2022\/08\/Elsaesser-Wurstsalat-Feierling-1922x2048.jpg 1922w, http:\/\/robertbock.de\/3le\/wp-content\/uploads\/2022\/08\/Elsaesser-Wurstsalat-Feierling-1040x1108.jpg 1040w, http:\/\/robertbock.de\/3le\/wp-content\/uploads\/2022\/08\/Elsaesser-Wurstsalat-Feierling-640x682.jpg 640w\" sizes=\"auto, (max-width: 490px) 100vw, 490px\" \/><figcaption>Els\u00e4sser Wurstsalat im Brauhaus Feierling in Freiburg<\/figcaption><\/figure>\n<\/div>\n\n\n<p>Die <strong>Klassiker<\/strong> in der Region sind &#8222;(Els\u00e4sser) Wurstsalat&#8220; (gern mit Bibelesk\u00e4s, also Kr\u00e4uterquark), &#8222;Schnitzel mit Pommes&#8220;, &#8222;Cordon bleu&#8220; (der Legende nach in Basel erfunden), der schon erw\u00e4hnte &#8222;Badische Spargel&#8220; und &#8222;Flammkuchen&#8220;. Hier merkt man schon die Trinationalit\u00e4t &#8211; jeder hat etwas beigesteuert &#8211; selbst die \u00d6sterreicher \ud83d\ude00<\/p>\n\n\n\n<p>Wer sich etwas umschaut, wird zudem kleine Weinwirtschaften &#8211; hier &#8222;Strau\u00dfi&#8220; genannt &#8211; finden, bei denen es meist nur kleine Speisen, daf\u00fcr aber oft eigenen Wein zu g\u00fcnstigen Preisen gibt. \u00c4hnlich interessant sind die vereinzelt vorhandenen Bauernhofcaf\u00e9s, die zum Beispiel Fr\u00fchst\u00fcck mit nicht selten selbst gebackenen Brot und Br\u00f6tchen anbieten.<\/p>\n\n\n\n<p>Ansonsten bleibt die klassische Gastronomie. Auff\u00e4llig viele davon sind inzwischen italienisch bewirtschaftet &#8211; mit oft sehr guter Pizza und regionaler K\u00fcche im Mix. Ein Tipp nach dem Motto &#8222;preiswert und gut&#8220; sind \u00fcbrigens die Sportgastst\u00e4tten an gr\u00f6\u00dferen Sport-\/Fu\u00dfballpl\u00e4tzen in der Region.  <\/p>\n\n\n<div class=\"wp-block-image\">\n<figure class=\"aligncenter size-large is-resized\"><img decoding=\"async\" src=\"http:\/\/robertbock.de\/3le\/wp-content\/uploads\/2022\/07\/20220716_194454-1024x768.jpg\" alt=\"\" class=\"wp-image-191\" width=\"-152\" height=\"-114\" srcset=\"http:\/\/robertbock.de\/3le\/wp-content\/uploads\/2022\/07\/20220716_194454-1024x768.jpg 1024w, http:\/\/robertbock.de\/3le\/wp-content\/uploads\/2022\/07\/20220716_194454-300x225.jpg 300w, http:\/\/robertbock.de\/3le\/wp-content\/uploads\/2022\/07\/20220716_194454-768x576.jpg 768w, http:\/\/robertbock.de\/3le\/wp-content\/uploads\/2022\/07\/20220716_194454-1536x1152.jpg 1536w, http:\/\/robertbock.de\/3le\/wp-content\/uploads\/2022\/07\/20220716_194454-2048x1536.jpg 2048w, http:\/\/robertbock.de\/3le\/wp-content\/uploads\/2022\/07\/20220716_194454-1040x780.jpg 1040w, http:\/\/robertbock.de\/3le\/wp-content\/uploads\/2022\/07\/20220716_194454-640x480.jpg 640w\" sizes=\"(max-width: 1024px) 100vw, 1024px\" \/><figcaption>Mal anders griechisch essen? &#8211; Im Grill Drill in L\u00f6rrach-Haagen! <\/figcaption><\/figure>\n<\/div>\n\n\n<p>Und Fast Food? F\u00fcr die Kinder? (F\u00fcr die Kinder, schon klar!). D\u00f6ner Kebap bekommt man \u00fcberall im Kreis, aber den besten gibt es im Klein-Anatolien des Kreises, in Weil am Rhein. McDonald&#8217;s hat Filialen in Weil am Rhein, L\u00f6rrach und Rheinfelden, Burger King in L\u00f6rrach und Rheinfelden. Gute Fleischk\u00e4sweckle, Frikadellenweckle oder eine Bratwurst &#8222;auf die Hand&#8220; bieten die Metzgerimbisse (&#8222;Hei\u00dfe Theke&#8220;) in praktisch jeder Handwerks-Metzgerei im Kreis &#8211; oder an Wochenenden die Vereine auf einem der zahlreichen Dorf- und Vereinsfeste.<\/p>\n\n\n<div class=\"wp-block-image\">\n<figure class=\"aligncenter size-large is-resized\"><img loading=\"lazy\" decoding=\"async\" src=\"http:\/\/robertbock.de\/3le\/wp-content\/uploads\/2022\/07\/20220418_184529-434x1024.jpg\" alt=\"\" class=\"wp-image-194\" width=\"202\" height=\"476\" srcset=\"http:\/\/robertbock.de\/3le\/wp-content\/uploads\/2022\/07\/20220418_184529-434x1024.jpg 434w, http:\/\/robertbock.de\/3le\/wp-content\/uploads\/2022\/07\/20220418_184529-127x300.jpg 127w, http:\/\/robertbock.de\/3le\/wp-content\/uploads\/2022\/07\/20220418_184529-768x1813.jpg 768w, http:\/\/robertbock.de\/3le\/wp-content\/uploads\/2022\/07\/20220418_184529-651x1536.jpg 651w, http:\/\/robertbock.de\/3le\/wp-content\/uploads\/2022\/07\/20220418_184529-867x2048.jpg 867w, http:\/\/robertbock.de\/3le\/wp-content\/uploads\/2022\/07\/20220418_184529-640x1511.jpg 640w, http:\/\/robertbock.de\/3le\/wp-content\/uploads\/2022\/07\/20220418_184529.jpg 964w\" sizes=\"auto, (max-width: 202px) 100vw, 202px\" \/><figcaption>Ein regionales Bier zischt immer<\/figcaption><\/figure>\n<\/div>\n\n\n<p><em>Na dann &#8211; Guten Appetit!<\/em><\/p>\n\n\n\n<p>P.S.: Restaurants, wo auch Kinder auf ihre Kosten kommen, findet Ihr <a rel=\"noreferrer noopener\" href=\"http:\/\/robertbock.de\/3le\/essen-und-trinken\/mit-kindern-ins-restaurant\/\" data-type=\"URL\" data-id=\"http:\/\/robertbock.de\/3le\/essen-und-trinken\/mit-kindern-ins-restaurant\/\" target=\"_blank\">hier<\/a><\/p>\n\n\n\n<h2 class=\"wp-block-heading\"><strong>Kulinarisches W\u00f6rterbuch S\u00fcdbaden:<\/strong><\/h2>\n\n\n\n<p>Fleischk\u00e4s &#8211; Leberk\u00e4se, Fleischk\u00e4se<\/p>\n\n\n\n<p>Lange Rote &#8211; Bratwurst mit rosarotem Fleisch<\/p>\n\n\n\n<p>Baslerbrot &#8211; besonders helles Mischbrot mit knuspriger Kruste<\/p>\n\n\n\n<p>Bibelesk\u00e4s &#8211; (Kr\u00e4uter-)Quark<\/p>\n\n\n\n<p>Br\u00e4gele &#8211; Bratkartoffeln aus nicht vorgekochten, sehr d\u00fcnnen Kartoffelscheiben<\/p>\n\n\n\n<p>Buurebrot (Bauernbrot) &#8211; leicht mehlig schmeckendes Mischbrot mit hohem Weizenanteil und selten mit Sauerteig<\/p>\n\n\n\n<p>Cordon bleu (wer&#8217;s nicht kennt) &#8211; d\u00fcnnes Schnitzel, welches im Original eine F\u00fcllung aus Kochschinken und K\u00e4se umgibt)<\/p>\n\n\n\n<p>Gutedel &#8211; <strong><em>die <\/em><\/strong>Rebsorte hier in S\u00fcdbaden, fruchtig-s\u00fcffiger Wei\u00dfwein<\/p>\n\n\n\n<p>Metzgeteplatte\/-teller (Metzgete = Schlachtfest) &#8211; Platte mit Blut- und Leberwurst und ggf. Gr\u00fctzwurst<\/p>\n\n\n\n<p>N\u00fcsslisalat (auch &#8222;Rapunzel&#8220; oder &#8222;Sunnewirbele&#8220;) &#8211; Feldsalat <\/p>\n\n\n\n<p>Schorle (<strong><em>das <\/em><\/strong>Schorle !!!) rot\/wei\u00df sauer &#8211; Weinschorle mit Mineralwasser<\/p>\n\n\n\n<p>R\u00f6sti (&#8222;R\u00f6\u00f6schdi&#8220;)- geriebene gekochte Kartoffeln angebraten (gibt es in zig Variationen)<\/p>\n\n\n\n<p>Schorle rot\/wei\u00df s\u00fc\u00df &#8211; Weinschorle mit &#8222;s\u00fc\u00dfem Sprudel&#8220; (siehe dort)<\/p>\n\n\n\n<p>S\u00fc\u00dfer Sprudel &#8211; Zitronenlimonade<\/p>\n\n\n\n<p>Weckle (Singular und Plural!) &#8211; Br\u00f6tchen<\/p>\n\n\n\n<p><\/p>\n","protected":false},"excerpt":{"rendered":"<p>Essen und Trinken &#8211; im Landkreis L\u00f6rrach wie in ganz S\u00fcdbaden (fast) immer ein Genuss. Die besten Weine unseres Landes&#8230;<\/p>\n","protected":false},"author":1,"featured_media":0,"parent":0,"menu_order":0,"comment_status":"closed","ping_status":"closed","template":"","meta":{"footnotes":""},"class_list":["post-37","page","type-page","status-publish","hentry","post-archive"],"_links":{"self":[{"href":"http:\/\/robertbock.de\/3le\/wp-json\/wp\/v2\/pages\/37","targetHints":{"allow":["GET"]}}],"collection":[{"href":"http:\/\/robertbock.de\/3le\/wp-json\/wp\/v2\/pages"}],"about":[{"href":"http:\/\/robertbock.de\/3le\/wp-json\/wp\/v2\/types\/page"}],"author":[{"embeddable":true,"href":"http:\/\/robertbock.de\/3le\/wp-json\/wp\/v2\/users\/1"}],"replies":[{"embeddable":true,"href":"http:\/\/robertbock.de\/3le\/wp-json\/wp\/v2\/comments?post=37"}],"version-history":[{"count":22,"href":"http:\/\/robertbock.de\/3le\/wp-json\/wp\/v2\/pages\/37\/revisions"}],"predecessor-version":[{"id":267,"href":"http:\/\/robertbock.de\/3le\/wp-json\/wp\/v2\/pages\/37\/revisions\/267"}],"wp:attachment":[{"href":"http:\/\/robertbock.de\/3le\/wp-json\/wp\/v2\/media?parent=37"}],"curies":[{"name":"wp","href":"https:\/\/api.w.org\/{rel}","templated":true}]}}