{"id":5,"date":"2022-07-14T11:37:28","date_gmt":"2022-07-14T09:37:28","guid":{"rendered":"http:\/\/robertbock.de\/3le\/?page_id=5"},"modified":"2022-07-22T13:32:36","modified_gmt":"2022-07-22T11:32:36","slug":"ausfluege","status":"publish","type":"page","link":"http:\/\/robertbock.de\/3le\/ausfluege\/","title":{"rendered":"Ausfl\u00fcge"},"content":{"rendered":"\n<p>Das Dreil\u00e4ndereck D\/CH\/F ist reich an Ausflugsm\u00f6glichkeiten, egal zu welcher Jahreszeit. Von Ruhe \u00fcber Sport bis Action ist alles m\u00f6glich. Zudem bieten die drei verschiedenen Kulturen eine reiche Abwechslung. Das Dreil\u00e4ndereckchen stellt einige Ausflugsziele kurz vor.<\/p>\n\n\n\n<p><strong><a href=\"http:\/\/robertbock.de\/3le\/ausfluege\/ausfluege-mit-kindern\/\" data-type=\"URL\" data-id=\"http:\/\/robertbock.de\/3le\/ausfluege\/ausfluege-mit-kindern\/\">Ausfl\u00fcge mit Kindern<\/a><\/strong> nennt Ziele, die auch f\u00fcr Kinder spannend sind, auch ist ersichtlich, wie die Zug\u00e4nglichkeit mit Kinderwagen und Rollstuhl sind, ob es einen Spielplatz gibt oder ob Wickelm\u00f6glichkeiten vorhanden sind.<\/p>\n","protected":false},"excerpt":{"rendered":"<p>Das Dreil\u00e4ndereck D\/CH\/F ist reich an Ausflugsm\u00f6glichkeiten, egal zu welcher Jahreszeit. Von Ruhe \u00fcber Sport bis Action ist alles m\u00f6glich&#8230;.<\/p>\n","protected":false},"author":1,"featured_media":0,"parent":0,"menu_order":0,"comment_status":"closed","ping_status":"closed","template":"","meta":{"footnotes":""},"class_list":["post-5","page","type-page","status-publish","hentry","post-archive"],"_links":{"self":[{"href":"http:\/\/robertbock.de\/3le\/wp-json\/wp\/v2\/pages\/5","targetHints":{"allow":["GET"]}}],"collection":[{"href":"http:\/\/robertbock.de\/3le\/wp-json\/wp\/v2\/pages"}],"about":[{"href":"http:\/\/robertbock.de\/3le\/wp-json\/wp\/v2\/types\/page"}],"author":[{"embeddable":true,"href":"http:\/\/robertbock.de\/3le\/wp-json\/wp\/v2\/users\/1"}],"replies":[{"embeddable":true,"href":"http:\/\/robertbock.de\/3le\/wp-json\/wp\/v2\/comments?post=5"}],"version-history":[{"count":4,"href":"http:\/\/robertbock.de\/3le\/wp-json\/wp\/v2\/pages\/5\/revisions"}],"predecessor-version":[{"id":142,"href":"http:\/\/robertbock.de\/3le\/wp-json\/wp\/v2\/pages\/5\/revisions\/142"}],"wp:attachment":[{"href":"http:\/\/robertbock.de\/3le\/wp-json\/wp\/v2\/media?parent=5"}],"curies":[{"name":"wp","href":"https:\/\/api.w.org\/{rel}","templated":true}]}}